{"id":4743,"date":"2024-12-04T10:00:19","date_gmt":"2024-12-04T10:00:19","guid":{"rendered":"https:\/\/alinaboehm.com\/?page_id=4743"},"modified":"2024-12-04T12:16:43","modified_gmt":"2024-12-04T12:16:43","slug":"accesibilidad","status":"publish","type":"page","link":"https:\/\/alinaboehm.com\/es\/accesibilidad\/","title":{"rendered":"Accesibilidad"},"content":{"rendered":"\t\t<div data-elementor-type=\"wp-page\" data-elementor-id=\"4743\" class=\"elementor elementor-4743\" data-elementor-post-type=\"page\">\n\t\t\t\t<div class=\"elementor-element elementor-element-1e53ebc e-flex e-con-boxed e-con e-parent\" data-id=\"1e53ebc\" data-element_type=\"container\">\n\t\t\t\t\t<div class=\"e-con-inner\">\n\t\t\t\t<div class=\"elementor-element elementor-element-9d75c39 elementor-widget elementor-widget-text-editor\" data-id=\"9d75c39\" data-element_type=\"widget\" data-widget_type=\"text-editor.default\">\n\t\t\t\t<div class=\"elementor-widget-container\">\n\t\t\t\t\t\t\t\t\t<p>Accesibilidad<\/p><p>La presente declaraci\u00f3n de accesibilidad se aplica al sitio web <a href=\"https:\/\/alinaboehm.com\/\">https:\/\/alinaboehm.com\/<\/a><\/p><p>SITUACI\u00d3N DE CUMPLIMIENTO<\/p><p>Este sitio web es parcialmente conforme con el\u00a0<a href=\"http:\/\/www.boe.es\/diario_boe\/txt.php?id=BOE-A-2018-12699\">RD 1112\/2018<\/a>\u00a0debido a las excepciones y a la falta de conformidad de los aspectos que se indican en el siguiente punto.<\/p><p>CONTENIDO NO ACCESIBLE<\/p><p>El contenido que se recoge a continuaci\u00f3n no es accesible por lo siguiente:<\/p><ul><li><p>Falta de conformidad con el RD 1112\/2018<\/p><\/li><li><p>Podr\u00edan existir algunos aspectos de contraste que no cumplan los m\u00ednimos exigidos, 3:1, con respecto a los colores adyacentes del fondo de la secci\u00f3n de la web en cuesti\u00f3n. [9.1.4.11 Contraste no textual]<\/p><\/li><li><p>Podr\u00edan existir algunas etiquetas o instrucciones no etiquetadas correctamente [9.3.3.2 Etiquetas o instrucciones]<\/p><\/li><li><p>Podr\u00edan existir mensajes de estado que no cumplan con los m\u00ednimos exigidos [9.4.1.3 Mensajes de estado]<\/p><\/li><li><p>Podr\u00edan existir sugerencias ante errores que no cumplan con los m\u00ednimos exigidos [9.3.3.3 Sugerencias ante errores (condicional)]<\/p><\/li><li><p>Podr\u00edan existir fallos en la navegaci\u00f3n secuencial por la p\u00e1gina web afectando a su significado o su operaci\u00f3n [9.2.4.3 Orden del foco]<\/p><\/li><li><p>Podr\u00edan existir fallos puntuales de edici\u00f3n en alguna p\u00e1gina web<\/p><\/li><\/ul><p>Carga desproporcionada<\/p><p>No aplica.<\/p><p>PREPARACI\u00d3N DE LA SIGUIENTE DECLARACI\u00d3N DE ACCESIBILIDAD<\/p><p>La presente declaraci\u00f3n fue preparada el 2 de diciembre de 2024.<\/p><p>El m\u00e9todo empleado para preparar la declaraci\u00f3n ha sido una autoevaluaci\u00f3n llevada a cabo por la propia empresa.<\/p><p>OBSERVACIONES Y DATOS DE CONTACTO<\/p><p>Puede realizar comunicaciones sobre requisitos de accesibilidad (art\u00edculo 10.2.a del RD 1112\/2018) como, por ejemplo:<\/p><ul><li><p>Informar sobre cualquier posible incumplimiento por parte de este sitio web<\/p><\/li><li><p>Transmitir otras dificultades de acceso al contenido<\/p><\/li><li><p>Formular cualquier otra consulta o sugerencia de mejora relativa a la accesibilidad del sitio web<\/p><\/li><\/ul><p>A trav\u00e9s del email de contacto <a href=\"mailto:mail@alinaboehm.com\">mail@alinaboehm.com<\/a><\/p><p>Puede presentar:<\/p><ul><li><p>Queja\u00a0relativa al cumplimiento de los requisitos del RD 1112\/2018 o<\/p><\/li><li><p>Solicitud de Informaci\u00f3n accesible\u00a0relativa a:<\/p><\/li><\/ul><p>Contenidos\u00a0que est\u00e1n\u00a0excluidos\u00a0del\u00a0\u00e1mbito de aplicaci\u00f3n\u00a0del RD 1112\/2018 seg\u00fan lo establecido por el art\u00edculo 3, apartado 4<\/p><p>Contenidos\u00a0que est\u00e1n\u00a0exentos\u00a0del\u00a0cumplimiento\u00a0de los requisitos de accesibilidad por imponer una\u00a0carga desproporcionada.<\/p><p>En la Solicitud de informaci\u00f3n accesible, se debe concretar, con toda claridad, los hechos, razones y petici\u00f3n que permitan constatar que se trata de una solicitud razonable y leg\u00edtima.<\/p><p>Las quejas y reclamaciones sobre informaci\u00f3n accesible\u00a0se realizar\u00e1n a trav\u00e9s del email anterior.<\/p><p>PROCEDIMIENTO DE APLICACI\u00d3N<\/p><p>Si una vez realizada una solicitud de informaci\u00f3n accesible o queja, \u00e9sta hubiera sido desestimada, no se estuviera de acuerdo con la decisi\u00f3n adoptada, o la respuesta no cumpliera los requisitos contemplados en el art\u00edculo 12.5, la persona interesada podr\u00e1 iniciar una reclamaci\u00f3n. Igualmente se podr\u00e1 iniciar una reclamaci\u00f3n en el caso de que haya transcurrido el plazo de veinte d\u00edas h\u00e1biles sin haber obtenido respuesta.<\/p>\t\t\t\t\t\t\t\t<\/div>\n\t\t\t\t<\/div>\n\t\t\t\t\t<\/div>\n\t\t\t\t<\/div>\n\t\t\t\t<\/div>\n\t\t","protected":false},"excerpt":{"rendered":"<p>Accesibilidad La presente declaraci\u00f3n de accesibilidad se aplica al sitio web https:\/\/alinaboehm.com\/ SITUACI\u00d3N DE CUMPLIMIENTO Este sitio web es parcialmente conforme con el\u00a0RD 1112\/2018\u00a0debido a las excepciones y a la falta de conformidad de los aspectos que se indican en el siguiente punto. CONTENIDO NO ACCESIBLE El contenido que se recoge a continuaci\u00f3n no es [&hellip;]<\/p>\n","protected":false},"author":9,"featured_media":0,"parent":0,"menu_order":0,"comment_status":"closed","ping_status":"closed","template":"","meta":{"footnotes":""},"class_list":["post-4743","page","type-page","status-publish","hentry"],"acf":[],"yoast_head":"<!-- This site is optimized with the Yoast SEO plugin v24.0 - https:\/\/yoast.com\/wordpress\/plugins\/seo\/ -->\n<title>Accesibilidad - Alina Boehm<\/title>\n<meta name=\"robots\" content=\"index, follow, max-snippet:-1, max-image-preview:large, max-video-preview:-1\" \/>\n<link rel=\"canonical\" href=\"https:\/\/alinaboehm.com\/accesibilidad\/\" \/>\n<meta property=\"og:locale\" content=\"es_ES\" \/>\n<meta property=\"og:type\" content=\"article\" \/>\n<meta property=\"og:title\" content=\"Accesibilidad - Alina Boehm\" \/>\n<meta property=\"og:description\" content=\"Accesibilidad La presente declaraci\u00f3n de accesibilidad se aplica al sitio web https:\/\/alinaboehm.com\/ SITUACI\u00d3N DE CUMPLIMIENTO Este sitio web es parcialmente conforme con el\u00a0RD 1112\/2018\u00a0debido a las excepciones y a la falta de conformidad de los aspectos que se indican en el siguiente punto. CONTENIDO NO ACCESIBLE El contenido que se recoge a continuaci\u00f3n no es [&hellip;]\" \/>\n<meta property=\"og:url\" content=\"https:\/\/alinaboehm.com\/accesibilidad\/\" \/>\n<meta property=\"og:site_name\" content=\"Alina Boehm\" \/>\n<meta property=\"article:modified_time\" content=\"2024-12-04T12:16:43+00:00\" \/>\n<meta name=\"twitter:card\" content=\"summary_large_image\" \/>\n<meta name=\"twitter:label1\" content=\"Tiempo de lectura\" \/>\n\t<meta name=\"twitter:data1\" content=\"3 minutos\" \/>\n<script type=\"application\/ld+json\" class=\"yoast-schema-graph\">{\"@context\":\"https:\/\/schema.org\",\"@graph\":[{\"@type\":\"WebPage\",\"@id\":\"https:\/\/alinaboehm.com\/accesibilidad\/\",\"url\":\"https:\/\/alinaboehm.com\/accesibilidad\/\",\"name\":\"Accesibilidad - Alina Boehm\",\"isPartOf\":{\"@id\":\"https:\/\/alinaboehm.com\/#website\"},\"datePublished\":\"2024-12-04T10:00:19+00:00\",\"dateModified\":\"2024-12-04T12:16:43+00:00\",\"breadcrumb\":{\"@id\":\"https:\/\/alinaboehm.com\/accesibilidad\/#breadcrumb\"},\"inLanguage\":\"es\",\"potentialAction\":[{\"@type\":\"ReadAction\",\"target\":[\"https:\/\/alinaboehm.com\/accesibilidad\/\"]}]},{\"@type\":\"BreadcrumbList\",\"@id\":\"https:\/\/alinaboehm.com\/accesibilidad\/#breadcrumb\",\"itemListElement\":[{\"@type\":\"ListItem\",\"position\":1,\"name\":\"Home\",\"item\":\"https:\/\/alinaboehm.com\/es\/inicio\/\"},{\"@type\":\"ListItem\",\"position\":2,\"name\":\"Accesibilidad\"}]},{\"@type\":\"WebSite\",\"@id\":\"https:\/\/alinaboehm.com\/#website\",\"url\":\"https:\/\/alinaboehm.com\/\",\"name\":\"Alina Boehm\",\"description\":\"\",\"potentialAction\":[{\"@type\":\"SearchAction\",\"target\":{\"@type\":\"EntryPoint\",\"urlTemplate\":\"https:\/\/alinaboehm.com\/?s={search_term_string}\"},\"query-input\":{\"@type\":\"PropertyValueSpecification\",\"valueRequired\":true,\"valueName\":\"search_term_string\"}}],\"inLanguage\":\"es\"}]}<\/script>\n<!-- \/ Yoast SEO plugin. -->","yoast_head_json":{"title":"Accesibilidad - Alina Boehm","robots":{"index":"index","follow":"follow","max-snippet":"max-snippet:-1","max-image-preview":"max-image-preview:large","max-video-preview":"max-video-preview:-1"},"canonical":"https:\/\/alinaboehm.com\/accesibilidad\/","og_locale":"es_ES","og_type":"article","og_title":"Accesibilidad - Alina Boehm","og_description":"Accesibilidad La presente declaraci\u00f3n de accesibilidad se aplica al sitio web https:\/\/alinaboehm.com\/ SITUACI\u00d3N DE CUMPLIMIENTO Este sitio web es parcialmente conforme con el\u00a0RD 1112\/2018\u00a0debido a las excepciones y a la falta de conformidad de los aspectos que se indican en el siguiente punto. CONTENIDO NO ACCESIBLE El contenido que se recoge a continuaci\u00f3n no es [&hellip;]","og_url":"https:\/\/alinaboehm.com\/accesibilidad\/","og_site_name":"Alina Boehm","article_modified_time":"2024-12-04T12:16:43+00:00","twitter_card":"summary_large_image","twitter_misc":{"Tiempo de lectura":"3 minutos"},"schema":{"@context":"https:\/\/schema.org","@graph":[{"@type":"WebPage","@id":"https:\/\/alinaboehm.com\/accesibilidad\/","url":"https:\/\/alinaboehm.com\/accesibilidad\/","name":"Accesibilidad - Alina Boehm","isPartOf":{"@id":"https:\/\/alinaboehm.com\/#website"},"datePublished":"2024-12-04T10:00:19+00:00","dateModified":"2024-12-04T12:16:43+00:00","breadcrumb":{"@id":"https:\/\/alinaboehm.com\/accesibilidad\/#breadcrumb"},"inLanguage":"es","potentialAction":[{"@type":"ReadAction","target":["https:\/\/alinaboehm.com\/accesibilidad\/"]}]},{"@type":"BreadcrumbList","@id":"https:\/\/alinaboehm.com\/accesibilidad\/#breadcrumb","itemListElement":[{"@type":"ListItem","position":1,"name":"Home","item":"https:\/\/alinaboehm.com\/es\/inicio\/"},{"@type":"ListItem","position":2,"name":"Accesibilidad"}]},{"@type":"WebSite","@id":"https:\/\/alinaboehm.com\/#website","url":"https:\/\/alinaboehm.com\/","name":"Alina Boehm","description":"","potentialAction":[{"@type":"SearchAction","target":{"@type":"EntryPoint","urlTemplate":"https:\/\/alinaboehm.com\/?s={search_term_string}"},"query-input":{"@type":"PropertyValueSpecification","valueRequired":true,"valueName":"search_term_string"}}],"inLanguage":"es"}]}},"_links":{"self":[{"href":"https:\/\/alinaboehm.com\/es\/wp-json\/wp\/v2\/pages\/4743","targetHints":{"allow":["GET"]}}],"collection":[{"href":"https:\/\/alinaboehm.com\/es\/wp-json\/wp\/v2\/pages"}],"about":[{"href":"https:\/\/alinaboehm.com\/es\/wp-json\/wp\/v2\/types\/page"}],"author":[{"embeddable":true,"href":"https:\/\/alinaboehm.com\/es\/wp-json\/wp\/v2\/users\/9"}],"replies":[{"embeddable":true,"href":"https:\/\/alinaboehm.com\/es\/wp-json\/wp\/v2\/comments?post=4743"}],"version-history":[{"count":8,"href":"https:\/\/alinaboehm.com\/es\/wp-json\/wp\/v2\/pages\/4743\/revisions"}],"predecessor-version":[{"id":4771,"href":"https:\/\/alinaboehm.com\/es\/wp-json\/wp\/v2\/pages\/4743\/revisions\/4771"}],"wp:attachment":[{"href":"https:\/\/alinaboehm.com\/es\/wp-json\/wp\/v2\/media?parent=4743"}],"curies":[{"name":"wp","href":"https:\/\/api.w.org\/{rel}","templated":true}]}}